{"id":9,"date":"2024-04-12T16:43:53","date_gmt":"2024-04-12T14:43:53","guid":{"rendered":"https:\/\/jpentreprise.com\/?page_id=9"},"modified":"2025-10-07T18:25:08","modified_gmt":"2025-10-07T16:25:08","slug":"jp-entreprise","status":"publish","type":"page","link":"https:\/\/jpentreprise.com\/","title":{"rendered":"ACCUEIL"},"content":{"rendered":"\t\t<div data-elementor-type=\"wp-page\" data-elementor-id=\"9\" class=\"elementor elementor-9\">\n\t\t\t\t<div class=\"elementor-element elementor-element-7a85c29 e-con-full e-flex e-con e-parent\" data-id=\"7a85c29\" data-element_type=\"container\" data-e-type=\"container\" data-settings=\"{&quot;background_background&quot;:&quot;slideshow&quot;,&quot;background_slideshow_gallery&quot;:[{&quot;id&quot;:111,&quot;url&quot;:&quot;http:\\\/\\\/jpentreprise.com\\\/wp-content\\\/uploads\\\/2024\\\/05\\\/bathroom-1371961_1920.jpg&quot;},{&quot;id&quot;:193,&quot;url&quot;:&quot;http:\\\/\\\/jpentreprise.com\\\/wp-content\\\/uploads\\\/2024\\\/05\\\/pexels-andreea-ch-371539-1166643-scaled.jpg&quot;},{&quot;id&quot;:188,&quot;url&quot;:&quot;http:\\\/\\\/jpentreprise.com\\\/wp-content\\\/uploads\\\/2024\\\/05\\\/pexels-karolina-grabowska-4194862-scaled.jpg&quot;}],&quot;background_slideshow_slide_duration&quot;:2500,&quot;background_slideshow_loop&quot;:&quot;yes&quot;,&quot;background_slideshow_slide_transition&quot;:&quot;fade&quot;,&quot;background_slideshow_transition_duration&quot;:500}\">\n\t\t<div class=\"elementor-element elementor-element-3c34c58 e-flex e-con-boxed e-con e-child\" data-id=\"3c34c58\" data-element_type=\"container\" data-e-type=\"container\">\n\t\t\t\t\t<div class=\"e-con-inner\">\n\t\t\t\t<div class=\"elementor-element elementor-element-c0c2ba7 elementor-widget elementor-widget-image\" data-id=\"c0c2ba7\" data-element_type=\"widget\" data-e-type=\"widget\" data-widget_type=\"image.default\">\n\t\t\t\t<div class=\"elementor-widget-container\">\n\t\t\t\t\t\t\t\t\t\t\t\t\t\t\t<img fetchpriority=\"high\" decoding=\"async\" width=\"1024\" height=\"379\" src=\"http:\/\/jpentreprise.com\/wp-content\/uploads\/2025\/04\/LOGO-JP-ENTREPRISE-BLEU-1024x379.webp\" class=\"attachment-large size-large wp-image-652\" alt=\"\" srcset=\"http:\/\/jpentreprise.com\/wp-content\/uploads\/2025\/04\/LOGO-JP-ENTREPRISE-BLEU-1024x379.webp 1024w, http:\/\/jpentreprise.com\/wp-content\/uploads\/2025\/04\/LOGO-JP-ENTREPRISE-BLEU-300x111.webp 300w, http:\/\/jpentreprise.com\/wp-content\/uploads\/2025\/04\/LOGO-JP-ENTREPRISE-BLEU-768x284.webp 768w, http:\/\/jpentreprise.com\/wp-content\/uploads\/2025\/04\/LOGO-JP-ENTREPRISE-BLEU-1536x568.webp 1536w, http:\/\/jpentreprise.com\/wp-content\/uploads\/2025\/04\/LOGO-JP-ENTREPRISE-BLEU.webp 2000w\" sizes=\"(max-width: 1024px) 100vw, 1024px\" \/>\t\t\t\t\t\t\t\t\t\t\t\t\t\t\t<\/div>\n\t\t\t\t<\/div>\n\t\t\t\t<div class=\"elementor-element elementor-element-4c4de30 elementor-widget elementor-widget-heading\" data-id=\"4c4de30\" data-element_type=\"widget\" data-e-type=\"widget\" data-widget_type=\"heading.default\">\n\t\t\t\t<div class=\"elementor-widget-container\">\n\t\t\t\t\t<h1 class=\"elementor-heading-title elementor-size-default\">JP ENTREPRISE<\/h1>\t\t\t\t<\/div>\n\t\t\t\t<\/div>\n\t\t\t\t<div class=\"elementor-element elementor-element-baf020f elementor-widget elementor-widget-heading\" data-id=\"baf020f\" data-element_type=\"widget\" data-e-type=\"widget\" data-widget_type=\"heading.default\">\n\t\t\t\t<div class=\"elementor-widget-container\">\n\t\t\t\t\t<h2 class=\"elementor-heading-title elementor-size-default\">Entreprise artisanale en plomberie, chauffage, \u00e9lectricit\u00e9<\/h2>\t\t\t\t<\/div>\n\t\t\t\t<\/div>\n\t\t\t\t<div class=\"elementor-element elementor-element-9965776 elementor-widget elementor-widget-text-editor\" data-id=\"9965776\" data-element_type=\"widget\" data-e-type=\"widget\" data-widget_type=\"text-editor.default\">\n\t\t\t\t<div class=\"elementor-widget-container\">\n\t\t\t\t\t\t\t\t\t<p><strong>Un professionnel \u00e0 votre service qui intervient pour vos d\u00e9pannages, et vos r\u00e9parations et vous conseille pour vos am\u00e9nagements, avec mon savoir-faire et mon exp\u00e9rience de plusieurs ann\u00e9es, je vous propose les meilleurs rapport qualit\u00e9 prix.<\/strong><\/p>\t\t\t\t\t\t\t\t<\/div>\n\t\t\t\t<\/div>\n\t\t\t\t\t<\/div>\n\t\t\t\t<\/div>\n\t\t\t\t<div class=\"elementor-element elementor-element-7c37fdd elementor-widget elementor-widget-button\" data-id=\"7c37fdd\" data-element_type=\"widget\" data-e-type=\"widget\" data-widget_type=\"button.default\">\n\t\t\t\t<div class=\"elementor-widget-container\">\n\t\t\t\t\t\t\t\t\t<div class=\"elementor-button-wrapper\">\n\t\t\t\t\t<a class=\"elementor-button elementor-button-link elementor-size-sm elementor-animation-push\" href=\"https:\/\/jpentreprise.com\/index.php\/contact\/\">\n\t\t\t\t\t\t<span class=\"elementor-button-content-wrapper\">\n\t\t\t\t\t\t<span class=\"elementor-button-icon\">\n\t\t\t\t<svg aria-hidden=\"true\" class=\"e-font-icon-svg e-fas-angle-right\" viewBox=\"0 0 256 512\" xmlns=\"http:\/\/www.w3.org\/2000\/svg\"><path d=\"M224.3 273l-136 136c-9.4 9.4-24.6 9.4-33.9 0l-22.6-22.6c-9.4-9.4-9.4-24.6 0-33.9l96.4-96.4-96.4-96.4c-9.4-9.4-9.4-24.6 0-33.9L54.3 103c9.4-9.4 24.6-9.4 33.9 0l136 136c9.5 9.4 9.5 24.6.1 34z\"><\/path><\/svg>\t\t\t<\/span>\n\t\t\t\t\t\t\t\t\t<span class=\"elementor-button-text\">Contactez-moi<\/span>\n\t\t\t\t\t<\/span>\n\t\t\t\t\t<\/a>\n\t\t\t\t<\/div>\n\t\t\t\t\t\t\t\t<\/div>\n\t\t\t\t<\/div>\n\t\t\t\t<\/div>\n\t\t<div class=\"elementor-element elementor-element-d6a2d5b e-flex e-con-boxed e-con e-parent\" data-id=\"d6a2d5b\" data-element_type=\"container\" data-e-type=\"container\">\n\t\t\t\t\t<div class=\"e-con-inner\">\n\t\t\t\t<div class=\"elementor-element elementor-element-c3ca407 elementor-widget-divider--view-line_text elementor-widget-divider--element-align-left elementor-widget elementor-widget-divider\" data-id=\"c3ca407\" data-element_type=\"widget\" data-e-type=\"widget\" data-widget_type=\"divider.default\">\n\t\t\t\t<div class=\"elementor-widget-container\">\n\t\t\t\t\t\t\t<div class=\"elementor-divider\">\n\t\t\t<span class=\"elementor-divider-separator\">\n\t\t\t\t\t\t\t<h2 class=\"elementor-divider__text elementor-divider__element\">\n\t\t\t\tNOS SERVICES\t\t\t\t<\/h2>\n\t\t\t\t\t\t<\/span>\n\t\t<\/div>\n\t\t\t\t\t\t<\/div>\n\t\t\t\t<\/div>\n\t\t\t\t\t<\/div>\n\t\t\t\t<\/div>\n\t\t<div class=\"elementor-element elementor-element-5f7c109 e-flex e-con-boxed e-con e-parent\" data-id=\"5f7c109\" data-element_type=\"container\" data-e-type=\"container\">\n\t\t\t\t\t<div class=\"e-con-inner\">\n\t\t<div class=\"elementor-element elementor-element-a9596f4 e-con-full e-flex e-con e-child\" data-id=\"a9596f4\" data-element_type=\"container\" data-e-type=\"container\">\n\t\t\t\t<div class=\"elementor-element elementor-element-1678415 content-align-cta-default elementor-widget elementor-widget-eael-cta-box\" data-id=\"1678415\" data-element_type=\"widget\" data-e-type=\"widget\" data-widget_type=\"eael-cta-box.default\">\n\t\t\t\t<div class=\"elementor-widget-container\">\n\t\t\t\t\t\t\t<div class=\"eael-call-to-action cta-basic bg-lite cta-preset-1\">\n        <h2 class=\"title\">Plomberie<\/h2><p>Installation, entretien et\u00a0 d\u00e9pannage\u00a0<\/p><a href=\"https:\/\/jpentreprise.com\/index.php\/plomberie-sanitaire\/\" class=\"cta-button  \">En savoir +<\/a>\t<\/div>\n\t\t\t\t\t\t\t\t<\/div>\n\t\t\t\t<\/div>\n\t\t\t\t<\/div>\n\t\t<div class=\"elementor-element elementor-element-4fef817 e-con-full e-flex e-con e-child\" data-id=\"4fef817\" data-element_type=\"container\" data-e-type=\"container\">\n\t\t\t\t<div class=\"elementor-element elementor-element-f7af294 content-align-cta-default elementor-widget elementor-widget-eael-cta-box\" data-id=\"f7af294\" data-element_type=\"widget\" data-e-type=\"widget\" data-widget_type=\"eael-cta-box.default\">\n\t\t\t\t<div class=\"elementor-widget-container\">\n\t\t\t\t\t\t\t<div class=\"eael-call-to-action cta-basic bg-lite cta-preset-1\">\n        <h2 class=\"title\">Chauffage<\/h2><p>Pose, entretien, maintenance<\/p><a href=\"https:\/\/jpentreprise.com\/index.php\/chauffage\/\" class=\"cta-button  \">En savoir +<\/a>\t<\/div>\n\t\t\t\t\t\t\t\t<\/div>\n\t\t\t\t<\/div>\n\t\t\t\t<\/div>\n\t\t<div class=\"elementor-element elementor-element-d564d26 e-con-full e-flex e-con e-child\" data-id=\"d564d26\" data-element_type=\"container\" data-e-type=\"container\">\n\t\t\t\t<div class=\"elementor-element elementor-element-a0a75be content-align-cta-default elementor-widget elementor-widget-eael-cta-box\" data-id=\"a0a75be\" data-element_type=\"widget\" data-e-type=\"widget\" data-widget_type=\"eael-cta-box.default\">\n\t\t\t\t<div class=\"elementor-widget-container\">\n\t\t\t\t\t\t\t<div class=\"eael-call-to-action cta-basic bg-lite cta-preset-1\">\n        <h2 class=\"title\">Electricit\u00e9<\/h2><p>Pose, remise aux normes, entretien<\/p><a href=\"https:\/\/jpentreprise.com\/index.php\/electricite\/\" class=\"cta-button  \">En savoir +<\/a>\t<\/div>\n\t\t\t\t\t\t\t\t<\/div>\n\t\t\t\t<\/div>\n\t\t\t\t<\/div>\n\t\t<div class=\"elementor-element elementor-element-52c6579 e-con-full e-flex e-con e-child\" data-id=\"52c6579\" data-element_type=\"container\" data-e-type=\"container\">\n\t\t\t\t<div class=\"elementor-element elementor-element-c287fe4 content-align-cta-default elementor-widget elementor-widget-eael-cta-box\" data-id=\"c287fe4\" data-element_type=\"widget\" data-e-type=\"widget\" data-widget_type=\"eael-cta-box.default\">\n\t\t\t\t<div class=\"elementor-widget-container\">\n\t\t\t\t\t\t\t<div class=\"eael-call-to-action cta-basic bg-lite cta-preset-1\">\n        <h2 class=\"title\">Eau<\/h2><p>Adoucisseurs, fontaines, purificateurs d'eau<\/p><a href=\"https:\/\/jpentreprise.com\/index.php\/traitement-de-leau-2\/\" class=\"cta-button  \">En savoir +<\/a>\t<\/div>\n\t\t\t\t\t\t\t\t<\/div>\n\t\t\t\t<\/div>\n\t\t\t\t<\/div>\n\t\t\t\t\t<\/div>\n\t\t\t\t<\/div>\n\t\t<div class=\"elementor-element elementor-element-045f06c e-con-full elementor-hidden-desktop elementor-hidden-tablet elementor-hidden-mobile e-flex e-con e-parent\" data-id=\"045f06c\" data-element_type=\"container\" data-e-type=\"container\" data-settings=\"{&quot;background_background&quot;:&quot;classic&quot;}\">\n\t\t<div class=\"elementor-element elementor-element-a86d23a e-flex e-con-boxed e-con e-child\" data-id=\"a86d23a\" data-element_type=\"container\" data-e-type=\"container\">\n\t\t\t\t\t<div class=\"e-con-inner\">\n\t\t\t\t<div class=\"elementor-element elementor-element-f247e39 elementor-widget-divider--view-line_text elementor-widget-divider--element-align-left elementor-widget elementor-widget-divider\" data-id=\"f247e39\" data-element_type=\"widget\" data-e-type=\"widget\" data-widget_type=\"divider.default\">\n\t\t\t\t<div class=\"elementor-widget-container\">\n\t\t\t\t\t\t\t<div class=\"elementor-divider\">\n\t\t\t<span class=\"elementor-divider-separator\">\n\t\t\t\t\t\t\t<h2 class=\"elementor-divider__text elementor-divider__element\">\n\t\t\t\tR\u00e9servez votre appel\t\t\t\t<\/h2>\n\t\t\t\t\t\t<\/span>\n\t\t<\/div>\n\t\t\t\t\t\t<\/div>\n\t\t\t\t<\/div>\n\t\t\t\t<div class=\"elementor-element elementor-element-3692c03 elementor-widget elementor-widget-text-editor\" data-id=\"3692c03\" data-element_type=\"widget\" data-e-type=\"widget\" data-widget_type=\"text-editor.default\">\n\t\t\t\t<div class=\"elementor-widget-container\">\n\t\t\t\t\t\t\t\t\t<p>Vous avez besoin d&#8217;un d\u00e9pannage ou souhaitez prendre rendez-vous pour un renseignement ou pour une demande de devis ? N&#8217;h\u00e9sitez pas \u00e0 r\u00e9server un cr\u00e9neau ci-dessous afin d&#8217;\u00eatre contact\u00e9\u00b7e !<\/p>\t\t\t\t\t\t\t\t<\/div>\n\t\t\t\t<\/div>\n\t\t\t\t<div class=\"elementor-element elementor-element-525e903 elementor-widget elementor-widget-html\" data-id=\"525e903\" data-element_type=\"widget\" data-e-type=\"widget\" data-widget_type=\"html.default\">\n\t\t\t\t<div class=\"elementor-widget-container\">\n\t\t\t\t\t<!-- Google Calendar Appointment Scheduling begin -->\n<iframe src=\"https:\/\/calendar.google.com\/calendar\/appointments\/schedules\/AcZssZ1pmUVqHBRdrRGwAF0tSX3HmxfrHrjlU1zduGlzfB8PEVdL1tSizs99u4K35fP14uVpXpA61Cf3?gv=true\" style=\"border: 0\" width=\"100%\" height=\"600\" frameborder=\"0\"><\/iframe>\n<!-- end Google Calendar Appointment Scheduling -->\t\t\t\t<\/div>\n\t\t\t\t<\/div>\n\t\t\t\t\t<\/div>\n\t\t\t\t<\/div>\n\t\t\t\t<\/div>\n\t\t\t\t<\/div>\n\t\t","protected":false},"excerpt":{"rendered":"<p>JP ENTREPRISE Entreprise artisanale en plomberie, chauffage, \u00e9lectricit\u00e9 Un professionnel \u00e0 votre service qui intervient pour vos d\u00e9pannages, et vos [&hellip;]<\/p>\n","protected":false},"author":2,"featured_media":0,"parent":0,"menu_order":0,"comment_status":"closed","ping_status":"closed","template":"","meta":{"site-sidebar-layout":"no-sidebar","site-content-layout":"","ast-site-content-layout":"full-width-container","site-content-style":"default","site-sidebar-style":"default","ast-global-header-display":"","ast-banner-title-visibility":"","ast-main-header-display":"","ast-hfb-above-header-display":"","ast-hfb-below-header-display":"","ast-hfb-mobile-header-display":"","site-post-title":"disabled","ast-breadcrumbs-content":"","ast-featured-img":"disabled","footer-sml-layout":"","ast-disable-related-posts":"","theme-transparent-header-meta":"","adv-header-id-meta":"","stick-header-meta":"","header-above-stick-meta":"","header-main-stick-meta":"","header-below-stick-meta":"","astra-migrate-meta-layouts":"default","ast-page-background-enabled":"default","ast-page-background-meta":{"desktop":{"background-color":"var(--ast-global-color-4)","background-image":"","background-repeat":"repeat","background-position":"center center","background-size":"auto","background-attachment":"scroll","background-type":"","background-media":"","overlay-type":"","overlay-color":"","overlay-opacity":"","overlay-gradient":""},"tablet":{"background-color":"","background-image":"","background-repeat":"repeat","background-position":"center center","background-size":"auto","background-attachment":"scroll","background-type":"","background-media":"","overlay-type":"","overlay-color":"","overlay-opacity":"","overlay-gradient":""},"mobile":{"background-color":"","background-image":"","background-repeat":"repeat","background-position":"center center","background-size":"auto","background-attachment":"scroll","background-type":"","background-media":"","overlay-type":"","overlay-color":"","overlay-opacity":"","overlay-gradient":""}},"ast-content-background-meta":{"desktop":{"background-color":"var(--ast-global-color-5)","background-image":"","background-repeat":"repeat","background-position":"center center","background-size":"auto","background-attachment":"scroll","background-type":"","background-media":"","overlay-type":"","overlay-color":"","overlay-opacity":"","overlay-gradient":""},"tablet":{"background-color":"var(--ast-global-color-5)","background-image":"","background-repeat":"repeat","background-position":"center center","background-size":"auto","background-attachment":"scroll","background-type":"","background-media":"","overlay-type":"","overlay-color":"","overlay-opacity":"","overlay-gradient":""},"mobile":{"background-color":"var(--ast-global-color-5)","background-image":"","background-repeat":"repeat","background-position":"center center","background-size":"auto","background-attachment":"scroll","background-type":"","background-media":"","overlay-type":"","overlay-color":"","overlay-opacity":"","overlay-gradient":""}},"footnotes":""},"class_list":["post-9","page","type-page","status-publish","hentry"],"yoast_head":"<!-- This site is optimized with the Yoast SEO plugin v27.3 - https:\/\/yoast.com\/product\/yoast-seo-wordpress\/ -->\n<title>JP Entreprise : Plomberie, Chauffage, Electricit\u00e9 Charente<\/title>\n<meta name=\"description\" content=\"JP Entreprise Charente : plomberie, Chauffage, Electricit\u00e9. D\u00e9pannages, r\u00e9parations et vous conseille pour vos am\u00e9nagements.\" \/>\n<meta name=\"robots\" content=\"index, follow, max-snippet:-1, max-image-preview:large, max-video-preview:-1\" \/>\n<link rel=\"canonical\" href=\"https:\/\/jpentreprise.com\/\" \/>\n<meta property=\"og:locale\" content=\"en_US\" \/>\n<meta property=\"og:type\" content=\"article\" \/>\n<meta property=\"og:title\" content=\"JP Entreprise : Plomberie, Chauffage, Electricit\u00e9 Charente\" \/>\n<meta property=\"og:description\" content=\"JP Entreprise Charente : plomberie, Chauffage, Electricit\u00e9. D\u00e9pannages, r\u00e9parations et vous conseille pour vos am\u00e9nagements.\" \/>\n<meta property=\"og:url\" content=\"https:\/\/jpentreprise.com\/\" \/>\n<meta property=\"og:site_name\" content=\"JP Entreprise\" \/>\n<meta property=\"article:modified_time\" content=\"2025-10-07T16:25:08+00:00\" \/>\n<meta property=\"og:image\" content=\"http:\/\/jpentreprise.com\/wp-content\/uploads\/2025\/04\/LOGO-JP-ENTREPRISE-BLEU-1024x379.webp\" \/>\n<meta name=\"twitter:card\" content=\"summary_large_image\" \/>\n<meta name=\"twitter:label1\" content=\"Est. reading time\" \/>\n\t<meta name=\"twitter:data1\" content=\"1 minute\" \/>\n<script type=\"application\/ld+json\" class=\"yoast-schema-graph\">{\"@context\":\"https:\\\/\\\/schema.org\",\"@graph\":[{\"@type\":\"WebPage\",\"@id\":\"https:\\\/\\\/jpentreprise.com\\\/\",\"url\":\"https:\\\/\\\/jpentreprise.com\\\/\",\"name\":\"JP Entreprise : Plomberie, Chauffage, Electricit\u00e9 Charente\",\"isPartOf\":{\"@id\":\"https:\\\/\\\/jpentreprise.com\\\/#website\"},\"primaryImageOfPage\":{\"@id\":\"https:\\\/\\\/jpentreprise.com\\\/#primaryimage\"},\"image\":{\"@id\":\"https:\\\/\\\/jpentreprise.com\\\/#primaryimage\"},\"thumbnailUrl\":\"http:\\\/\\\/jpentreprise.com\\\/wp-content\\\/uploads\\\/2025\\\/04\\\/LOGO-JP-ENTREPRISE-BLEU-1024x379.webp\",\"datePublished\":\"2024-04-12T14:43:53+00:00\",\"dateModified\":\"2025-10-07T16:25:08+00:00\",\"description\":\"JP Entreprise Charente : plomberie, Chauffage, Electricit\u00e9. D\u00e9pannages, r\u00e9parations et vous conseille pour vos am\u00e9nagements.\",\"breadcrumb\":{\"@id\":\"https:\\\/\\\/jpentreprise.com\\\/#breadcrumb\"},\"inLanguage\":\"en-US\",\"potentialAction\":[{\"@type\":\"ReadAction\",\"target\":[\"https:\\\/\\\/jpentreprise.com\\\/\"]}]},{\"@type\":\"ImageObject\",\"inLanguage\":\"en-US\",\"@id\":\"https:\\\/\\\/jpentreprise.com\\\/#primaryimage\",\"url\":\"https:\\\/\\\/jpentreprise.com\\\/wp-content\\\/uploads\\\/2025\\\/04\\\/LOGO-JP-ENTREPRISE-BLEU.webp\",\"contentUrl\":\"https:\\\/\\\/jpentreprise.com\\\/wp-content\\\/uploads\\\/2025\\\/04\\\/LOGO-JP-ENTREPRISE-BLEU.webp\",\"width\":2000,\"height\":740},{\"@type\":\"BreadcrumbList\",\"@id\":\"https:\\\/\\\/jpentreprise.com\\\/#breadcrumb\",\"itemListElement\":[{\"@type\":\"ListItem\",\"position\":1,\"name\":\"Accueil\",\"item\":\"https:\\\/\\\/jpentreprise.com\\\/\"},{\"@type\":\"ListItem\",\"position\":2,\"name\":\"ACCUEIL\"}]},{\"@type\":\"WebSite\",\"@id\":\"https:\\\/\\\/jpentreprise.com\\\/#website\",\"url\":\"https:\\\/\\\/jpentreprise.com\\\/\",\"name\":\"JP Entreprise\",\"description\":\"Plomberie Sanitaire - Chauffage - Electricit\u00e9\",\"publisher\":{\"@id\":\"https:\\\/\\\/jpentreprise.com\\\/#organization\"},\"potentialAction\":[{\"@type\":\"SearchAction\",\"target\":{\"@type\":\"EntryPoint\",\"urlTemplate\":\"https:\\\/\\\/jpentreprise.com\\\/?s={search_term_string}\"},\"query-input\":{\"@type\":\"PropertyValueSpecification\",\"valueRequired\":true,\"valueName\":\"search_term_string\"}}],\"inLanguage\":\"en-US\"},{\"@type\":\"Organization\",\"@id\":\"https:\\\/\\\/jpentreprise.com\\\/#organization\",\"name\":\"JP Entreprise\",\"url\":\"https:\\\/\\\/jpentreprise.com\\\/\",\"logo\":{\"@type\":\"ImageObject\",\"inLanguage\":\"en-US\",\"@id\":\"https:\\\/\\\/jpentreprise.com\\\/#\\\/schema\\\/logo\\\/image\\\/\",\"url\":\"https:\\\/\\\/jpentreprise.com\\\/wp-content\\\/uploads\\\/2025\\\/04\\\/cropped-LOGO-JP-ENTREPRISE-BLANC.webp\",\"contentUrl\":\"https:\\\/\\\/jpentreprise.com\\\/wp-content\\\/uploads\\\/2025\\\/04\\\/cropped-LOGO-JP-ENTREPRISE-BLANC.webp\",\"width\":1999,\"height\":666,\"caption\":\"JP Entreprise\"},\"image\":{\"@id\":\"https:\\\/\\\/jpentreprise.com\\\/#\\\/schema\\\/logo\\\/image\\\/\"}}]}<\/script>\n<!-- \/ Yoast SEO plugin. -->","yoast_head_json":{"title":"JP Entreprise : Plomberie, Chauffage, Electricit\u00e9 Charente","description":"JP Entreprise Charente : plomberie, Chauffage, Electricit\u00e9. D\u00e9pannages, r\u00e9parations et vous conseille pour vos am\u00e9nagements.","robots":{"index":"index","follow":"follow","max-snippet":"max-snippet:-1","max-image-preview":"max-image-preview:large","max-video-preview":"max-video-preview:-1"},"canonical":"https:\/\/jpentreprise.com\/","og_locale":"en_US","og_type":"article","og_title":"JP Entreprise : Plomberie, Chauffage, Electricit\u00e9 Charente","og_description":"JP Entreprise Charente : plomberie, Chauffage, Electricit\u00e9. D\u00e9pannages, r\u00e9parations et vous conseille pour vos am\u00e9nagements.","og_url":"https:\/\/jpentreprise.com\/","og_site_name":"JP Entreprise","article_modified_time":"2025-10-07T16:25:08+00:00","og_image":[{"url":"http:\/\/jpentreprise.com\/wp-content\/uploads\/2025\/04\/LOGO-JP-ENTREPRISE-BLEU-1024x379.webp","type":"","width":"","height":""}],"twitter_card":"summary_large_image","twitter_misc":{"Est. reading time":"1 minute"},"schema":{"@context":"https:\/\/schema.org","@graph":[{"@type":"WebPage","@id":"https:\/\/jpentreprise.com\/","url":"https:\/\/jpentreprise.com\/","name":"JP Entreprise : Plomberie, Chauffage, Electricit\u00e9 Charente","isPartOf":{"@id":"https:\/\/jpentreprise.com\/#website"},"primaryImageOfPage":{"@id":"https:\/\/jpentreprise.com\/#primaryimage"},"image":{"@id":"https:\/\/jpentreprise.com\/#primaryimage"},"thumbnailUrl":"http:\/\/jpentreprise.com\/wp-content\/uploads\/2025\/04\/LOGO-JP-ENTREPRISE-BLEU-1024x379.webp","datePublished":"2024-04-12T14:43:53+00:00","dateModified":"2025-10-07T16:25:08+00:00","description":"JP Entreprise Charente : plomberie, Chauffage, Electricit\u00e9. D\u00e9pannages, r\u00e9parations et vous conseille pour vos am\u00e9nagements.","breadcrumb":{"@id":"https:\/\/jpentreprise.com\/#breadcrumb"},"inLanguage":"en-US","potentialAction":[{"@type":"ReadAction","target":["https:\/\/jpentreprise.com\/"]}]},{"@type":"ImageObject","inLanguage":"en-US","@id":"https:\/\/jpentreprise.com\/#primaryimage","url":"https:\/\/jpentreprise.com\/wp-content\/uploads\/2025\/04\/LOGO-JP-ENTREPRISE-BLEU.webp","contentUrl":"https:\/\/jpentreprise.com\/wp-content\/uploads\/2025\/04\/LOGO-JP-ENTREPRISE-BLEU.webp","width":2000,"height":740},{"@type":"BreadcrumbList","@id":"https:\/\/jpentreprise.com\/#breadcrumb","itemListElement":[{"@type":"ListItem","position":1,"name":"Accueil","item":"https:\/\/jpentreprise.com\/"},{"@type":"ListItem","position":2,"name":"ACCUEIL"}]},{"@type":"WebSite","@id":"https:\/\/jpentreprise.com\/#website","url":"https:\/\/jpentreprise.com\/","name":"JP Entreprise","description":"Plomberie Sanitaire - Chauffage - Electricit\u00e9","publisher":{"@id":"https:\/\/jpentreprise.com\/#organization"},"potentialAction":[{"@type":"SearchAction","target":{"@type":"EntryPoint","urlTemplate":"https:\/\/jpentreprise.com\/?s={search_term_string}"},"query-input":{"@type":"PropertyValueSpecification","valueRequired":true,"valueName":"search_term_string"}}],"inLanguage":"en-US"},{"@type":"Organization","@id":"https:\/\/jpentreprise.com\/#organization","name":"JP Entreprise","url":"https:\/\/jpentreprise.com\/","logo":{"@type":"ImageObject","inLanguage":"en-US","@id":"https:\/\/jpentreprise.com\/#\/schema\/logo\/image\/","url":"https:\/\/jpentreprise.com\/wp-content\/uploads\/2025\/04\/cropped-LOGO-JP-ENTREPRISE-BLANC.webp","contentUrl":"https:\/\/jpentreprise.com\/wp-content\/uploads\/2025\/04\/cropped-LOGO-JP-ENTREPRISE-BLANC.webp","width":1999,"height":666,"caption":"JP Entreprise"},"image":{"@id":"https:\/\/jpentreprise.com\/#\/schema\/logo\/image\/"}}]}},"_links":{"self":[{"href":"https:\/\/jpentreprise.com\/index.php\/wp-json\/wp\/v2\/pages\/9","targetHints":{"allow":["GET"]}}],"collection":[{"href":"https:\/\/jpentreprise.com\/index.php\/wp-json\/wp\/v2\/pages"}],"about":[{"href":"https:\/\/jpentreprise.com\/index.php\/wp-json\/wp\/v2\/types\/page"}],"author":[{"embeddable":true,"href":"https:\/\/jpentreprise.com\/index.php\/wp-json\/wp\/v2\/users\/2"}],"replies":[{"embeddable":true,"href":"https:\/\/jpentreprise.com\/index.php\/wp-json\/wp\/v2\/comments?post=9"}],"version-history":[{"count":85,"href":"https:\/\/jpentreprise.com\/index.php\/wp-json\/wp\/v2\/pages\/9\/revisions"}],"predecessor-version":[{"id":736,"href":"https:\/\/jpentreprise.com\/index.php\/wp-json\/wp\/v2\/pages\/9\/revisions\/736"}],"wp:attachment":[{"href":"https:\/\/jpentreprise.com\/index.php\/wp-json\/wp\/v2\/media?parent=9"}],"curies":[{"name":"wp","href":"https:\/\/api.w.org\/{rel}","templated":true}]}}