{"id":21,"date":"2024-04-12T16:56:35","date_gmt":"2024-04-12T14:56:35","guid":{"rendered":"https:\/\/jpentreprise.com\/?page_id=21"},"modified":"2025-04-24T10:50:06","modified_gmt":"2025-04-24T08:50:06","slug":"electricite","status":"publish","type":"page","link":"https:\/\/jpentreprise.com\/index.php\/electricite\/","title":{"rendered":"Electricit\u00e9"},"content":{"rendered":"\t\t<div data-elementor-type=\"wp-page\" data-elementor-id=\"21\" class=\"elementor elementor-21\">\n\t\t\t\t<div class=\"elementor-element elementor-element-24cd259 e-con-full e-flex e-con e-parent\" data-id=\"24cd259\" data-element_type=\"container\" data-e-type=\"container\" data-settings=\"{&quot;background_background&quot;:&quot;classic&quot;}\">\n\t\t\t\t<div class=\"elementor-element elementor-element-f8d7c16 elementor-widget elementor-widget-heading\" data-id=\"f8d7c16\" data-element_type=\"widget\" data-e-type=\"widget\" data-widget_type=\"heading.default\">\n\t\t\t\t<div class=\"elementor-widget-container\">\n\t\t\t\t\t<h2 class=\"elementor-heading-title elementor-size-default\">Electricit\u00e9<\/h2>\t\t\t\t<\/div>\n\t\t\t\t<\/div>\n\t\t\t\t<\/div>\n\t\t<div class=\"elementor-element elementor-element-5e9fc47 e-flex e-con-boxed e-con e-parent\" data-id=\"5e9fc47\" data-element_type=\"container\" data-e-type=\"container\">\n\t\t\t\t\t<div class=\"e-con-inner\">\n\t\t\t\t<div class=\"elementor-element elementor-element-90a6f84 elementor-widget-divider--view-line_text elementor-widget-divider--element-align-left elementor-widget elementor-widget-divider\" data-id=\"90a6f84\" data-element_type=\"widget\" data-e-type=\"widget\" data-widget_type=\"divider.default\">\n\t\t\t\t<div class=\"elementor-widget-container\">\n\t\t\t\t\t\t\t<div class=\"elementor-divider\">\n\t\t\t<span class=\"elementor-divider-separator\">\n\t\t\t\t\t\t\t<h2 class=\"elementor-divider__text elementor-divider__element\">\n\t\t\t\tNOS SERVICES \u00e9lectricit\u00e9\t\t\t\t<\/h2>\n\t\t\t\t\t\t<\/span>\n\t\t<\/div>\n\t\t\t\t\t\t<\/div>\n\t\t\t\t<\/div>\n\t\t\t\t\t<\/div>\n\t\t\t\t<\/div>\n\t\t<div class=\"elementor-element elementor-element-c7585e4 e-flex e-con-boxed e-con e-parent\" data-id=\"c7585e4\" data-element_type=\"container\" data-e-type=\"container\">\n\t\t\t\t\t<div class=\"e-con-inner\">\n\t\t<div class=\"elementor-element elementor-element-0369856 e-con-full e-flex e-con e-child\" data-id=\"0369856\" data-element_type=\"container\" data-e-type=\"container\" data-settings=\"{&quot;background_background&quot;:&quot;classic&quot;}\">\n\t\t\t\t<\/div>\n\t\t<div class=\"elementor-element elementor-element-824dd08 e-con-full e-flex e-con e-child\" data-id=\"824dd08\" data-element_type=\"container\" data-e-type=\"container\">\n\t\t\t\t<div class=\"elementor-element elementor-element-d80700b elementor-widget elementor-widget-text-editor\" data-id=\"d80700b\" data-element_type=\"widget\" data-e-type=\"widget\" data-widget_type=\"text-editor.default\">\n\t\t\t\t<div class=\"elementor-widget-container\">\n\t\t\t\t\t\t\t\t\t<ul><li><p>Installation de lignes \u00e9lectriques<\/p><\/li><li><p>Pose d&#8217;interrupteurs<\/p><\/li><li><p>Remise aux normes des tableaux \u00e9lectriques<\/p><\/li><li><p>Entretien de VMC<\/p><\/li><li><p>Automatisme de portails<\/p><\/li><li><p><span style=\"font-style: inherit; font-weight: inherit; color: var( --e-global-color-text ); font-family: var( --e-global-typography-text-font-family ), Sans-serif; text-align: var(--text-align); background-color: var(--ast-global-color-5);\">Pose de prises \u00e9lectriques<\/span><\/p><\/li><li><p><span style=\"font-style: inherit; font-weight: inherit; color: var( --e-global-color-text ); font-family: var( --e-global-typography-text-font-family ), Sans-serif; text-align: var(--text-align); background-color: var(--ast-global-color-5);\">R\u00e9paration &amp; Remplacement de volets roulants<\/span><\/p><\/li><\/ul>\t\t\t\t\t\t\t\t<\/div>\n\t\t\t\t<\/div>\n\t\t\t\t<\/div>\n\t\t<div class=\"elementor-element elementor-element-55df6a1 e-con-full e-flex e-con e-child\" data-id=\"55df6a1\" data-element_type=\"container\" data-e-type=\"container\" data-settings=\"{&quot;background_background&quot;:&quot;classic&quot;}\">\n\t\t\t\t<\/div>\n\t\t\t\t\t<\/div>\n\t\t\t\t<\/div>\n\t\t\t\t<\/div>\n\t\t","protected":false},"excerpt":{"rendered":"<p>Electricit\u00e9 NOS SERVICES \u00e9lectricit\u00e9 Installation de lignes \u00e9lectriques Pose d&#8217;interrupteurs Remise aux normes des tableaux \u00e9lectriques Entretien de VMC Automatisme [&hellip;]<\/p>\n","protected":false},"author":2,"featured_media":0,"parent":0,"menu_order":0,"comment_status":"closed","ping_status":"closed","template":"","meta":{"site-sidebar-layout":"no-sidebar","site-content-layout":"","ast-site-content-layout":"full-width-container","site-content-style":"default","site-sidebar-style":"default","ast-global-header-display":"","ast-banner-title-visibility":"","ast-main-header-display":"","ast-hfb-above-header-display":"","ast-hfb-below-header-display":"","ast-hfb-mobile-header-display":"","site-post-title":"disabled","ast-breadcrumbs-content":"","ast-featured-img":"disabled","footer-sml-layout":"","ast-disable-related-posts":"","theme-transparent-header-meta":"","adv-header-id-meta":"","stick-header-meta":"","header-above-stick-meta":"","header-main-stick-meta":"","header-below-stick-meta":"","astra-migrate-meta-layouts":"default","ast-page-background-enabled":"default","ast-page-background-meta":{"desktop":{"background-color":"var(--ast-global-color-4)","background-image":"","background-repeat":"repeat","background-position":"center center","background-size":"auto","background-attachment":"scroll","background-type":"","background-media":"","overlay-type":"","overlay-color":"","overlay-opacity":"","overlay-gradient":""},"tablet":{"background-color":"","background-image":"","background-repeat":"repeat","background-position":"center center","background-size":"auto","background-attachment":"scroll","background-type":"","background-media":"","overlay-type":"","overlay-color":"","overlay-opacity":"","overlay-gradient":""},"mobile":{"background-color":"","background-image":"","background-repeat":"repeat","background-position":"center center","background-size":"auto","background-attachment":"scroll","background-type":"","background-media":"","overlay-type":"","overlay-color":"","overlay-opacity":"","overlay-gradient":""}},"ast-content-background-meta":{"desktop":{"background-color":"var(--ast-global-color-5)","background-image":"","background-repeat":"repeat","background-position":"center center","background-size":"auto","background-attachment":"scroll","background-type":"","background-media":"","overlay-type":"","overlay-color":"","overlay-opacity":"","overlay-gradient":""},"tablet":{"background-color":"var(--ast-global-color-5)","background-image":"","background-repeat":"repeat","background-position":"center center","background-size":"auto","background-attachment":"scroll","background-type":"","background-media":"","overlay-type":"","overlay-color":"","overlay-opacity":"","overlay-gradient":""},"mobile":{"background-color":"var(--ast-global-color-5)","background-image":"","background-repeat":"repeat","background-position":"center center","background-size":"auto","background-attachment":"scroll","background-type":"","background-media":"","overlay-type":"","overlay-color":"","overlay-opacity":"","overlay-gradient":""}},"footnotes":""},"class_list":["post-21","page","type-page","status-publish","hentry"],"yoast_head":"<!-- This site is optimized with the Yoast SEO plugin v27.5 - https:\/\/yoast.com\/product\/yoast-seo-wordpress\/ -->\n<title>Electricit\u00e9 - JP Entreprise<\/title>\n<meta name=\"robots\" content=\"index, follow, max-snippet:-1, max-image-preview:large, max-video-preview:-1\" \/>\n<link rel=\"canonical\" href=\"https:\/\/jpentreprise.com\/index.php\/electricite\/\" \/>\n<meta property=\"og:locale\" content=\"en_US\" \/>\n<meta property=\"og:type\" content=\"article\" \/>\n<meta property=\"og:title\" content=\"Electricit\u00e9 - JP Entreprise\" \/>\n<meta property=\"og:description\" content=\"Electricit\u00e9 NOS SERVICES \u00e9lectricit\u00e9 Installation de lignes \u00e9lectriques Pose d&#8217;interrupteurs Remise aux normes des tableaux \u00e9lectriques Entretien de VMC Automatisme [&hellip;]\" \/>\n<meta property=\"og:url\" content=\"https:\/\/jpentreprise.com\/index.php\/electricite\/\" \/>\n<meta property=\"og:site_name\" content=\"JP Entreprise\" \/>\n<meta property=\"article:modified_time\" content=\"2025-04-24T08:50:06+00:00\" \/>\n<meta name=\"twitter:card\" content=\"summary_large_image\" \/>\n<meta name=\"twitter:label1\" content=\"Est. reading time\" \/>\n\t<meta name=\"twitter:data1\" content=\"1 minute\" \/>\n<script type=\"application\/ld+json\" class=\"yoast-schema-graph\">{\"@context\":\"https:\\\/\\\/schema.org\",\"@graph\":[{\"@type\":\"WebPage\",\"@id\":\"https:\\\/\\\/jpentreprise.com\\\/index.php\\\/electricite\\\/\",\"url\":\"https:\\\/\\\/jpentreprise.com\\\/index.php\\\/electricite\\\/\",\"name\":\"Electricit\u00e9 - JP Entreprise\",\"isPartOf\":{\"@id\":\"http:\\\/\\\/jpentreprise.com\\\/#website\"},\"datePublished\":\"2024-04-12T14:56:35+00:00\",\"dateModified\":\"2025-04-24T08:50:06+00:00\",\"breadcrumb\":{\"@id\":\"https:\\\/\\\/jpentreprise.com\\\/index.php\\\/electricite\\\/#breadcrumb\"},\"inLanguage\":\"en-US\",\"potentialAction\":[{\"@type\":\"ReadAction\",\"target\":[\"https:\\\/\\\/jpentreprise.com\\\/index.php\\\/electricite\\\/\"]}]},{\"@type\":\"BreadcrumbList\",\"@id\":\"https:\\\/\\\/jpentreprise.com\\\/index.php\\\/electricite\\\/#breadcrumb\",\"itemListElement\":[{\"@type\":\"ListItem\",\"position\":1,\"name\":\"Accueil\",\"item\":\"http:\\\/\\\/jpentreprise.com\\\/\"},{\"@type\":\"ListItem\",\"position\":2,\"name\":\"Electricit\u00e9\"}]},{\"@type\":\"WebSite\",\"@id\":\"http:\\\/\\\/jpentreprise.com\\\/#website\",\"url\":\"http:\\\/\\\/jpentreprise.com\\\/\",\"name\":\"JP Entreprise\",\"description\":\"Plomberie Sanitaire - Chauffage - Electricit\u00e9\",\"publisher\":{\"@id\":\"http:\\\/\\\/jpentreprise.com\\\/#organization\"},\"potentialAction\":[{\"@type\":\"SearchAction\",\"target\":{\"@type\":\"EntryPoint\",\"urlTemplate\":\"http:\\\/\\\/jpentreprise.com\\\/?s={search_term_string}\"},\"query-input\":{\"@type\":\"PropertyValueSpecification\",\"valueRequired\":true,\"valueName\":\"search_term_string\"}}],\"inLanguage\":\"en-US\"},{\"@type\":\"Organization\",\"@id\":\"http:\\\/\\\/jpentreprise.com\\\/#organization\",\"name\":\"JP Entreprise\",\"url\":\"http:\\\/\\\/jpentreprise.com\\\/\",\"logo\":{\"@type\":\"ImageObject\",\"inLanguage\":\"en-US\",\"@id\":\"http:\\\/\\\/jpentreprise.com\\\/#\\\/schema\\\/logo\\\/image\\\/\",\"url\":\"https:\\\/\\\/jpentreprise.com\\\/wp-content\\\/uploads\\\/2025\\\/04\\\/cropped-LOGO-JP-ENTREPRISE-BLANC.webp\",\"contentUrl\":\"https:\\\/\\\/jpentreprise.com\\\/wp-content\\\/uploads\\\/2025\\\/04\\\/cropped-LOGO-JP-ENTREPRISE-BLANC.webp\",\"width\":1999,\"height\":666,\"caption\":\"JP Entreprise\"},\"image\":{\"@id\":\"http:\\\/\\\/jpentreprise.com\\\/#\\\/schema\\\/logo\\\/image\\\/\"}}]}<\/script>\n<!-- \/ Yoast SEO plugin. -->","yoast_head_json":{"title":"Electricit\u00e9 - JP Entreprise","robots":{"index":"index","follow":"follow","max-snippet":"max-snippet:-1","max-image-preview":"max-image-preview:large","max-video-preview":"max-video-preview:-1"},"canonical":"https:\/\/jpentreprise.com\/index.php\/electricite\/","og_locale":"en_US","og_type":"article","og_title":"Electricit\u00e9 - JP Entreprise","og_description":"Electricit\u00e9 NOS SERVICES \u00e9lectricit\u00e9 Installation de lignes \u00e9lectriques Pose d&#8217;interrupteurs Remise aux normes des tableaux \u00e9lectriques Entretien de VMC Automatisme [&hellip;]","og_url":"https:\/\/jpentreprise.com\/index.php\/electricite\/","og_site_name":"JP Entreprise","article_modified_time":"2025-04-24T08:50:06+00:00","twitter_card":"summary_large_image","twitter_misc":{"Est. reading time":"1 minute"},"schema":{"@context":"https:\/\/schema.org","@graph":[{"@type":"WebPage","@id":"https:\/\/jpentreprise.com\/index.php\/electricite\/","url":"https:\/\/jpentreprise.com\/index.php\/electricite\/","name":"Electricit\u00e9 - JP Entreprise","isPartOf":{"@id":"http:\/\/jpentreprise.com\/#website"},"datePublished":"2024-04-12T14:56:35+00:00","dateModified":"2025-04-24T08:50:06+00:00","breadcrumb":{"@id":"https:\/\/jpentreprise.com\/index.php\/electricite\/#breadcrumb"},"inLanguage":"en-US","potentialAction":[{"@type":"ReadAction","target":["https:\/\/jpentreprise.com\/index.php\/electricite\/"]}]},{"@type":"BreadcrumbList","@id":"https:\/\/jpentreprise.com\/index.php\/electricite\/#breadcrumb","itemListElement":[{"@type":"ListItem","position":1,"name":"Accueil","item":"http:\/\/jpentreprise.com\/"},{"@type":"ListItem","position":2,"name":"Electricit\u00e9"}]},{"@type":"WebSite","@id":"http:\/\/jpentreprise.com\/#website","url":"http:\/\/jpentreprise.com\/","name":"JP Entreprise","description":"Plomberie Sanitaire - Chauffage - Electricit\u00e9","publisher":{"@id":"http:\/\/jpentreprise.com\/#organization"},"potentialAction":[{"@type":"SearchAction","target":{"@type":"EntryPoint","urlTemplate":"http:\/\/jpentreprise.com\/?s={search_term_string}"},"query-input":{"@type":"PropertyValueSpecification","valueRequired":true,"valueName":"search_term_string"}}],"inLanguage":"en-US"},{"@type":"Organization","@id":"http:\/\/jpentreprise.com\/#organization","name":"JP Entreprise","url":"http:\/\/jpentreprise.com\/","logo":{"@type":"ImageObject","inLanguage":"en-US","@id":"http:\/\/jpentreprise.com\/#\/schema\/logo\/image\/","url":"https:\/\/jpentreprise.com\/wp-content\/uploads\/2025\/04\/cropped-LOGO-JP-ENTREPRISE-BLANC.webp","contentUrl":"https:\/\/jpentreprise.com\/wp-content\/uploads\/2025\/04\/cropped-LOGO-JP-ENTREPRISE-BLANC.webp","width":1999,"height":666,"caption":"JP Entreprise"},"image":{"@id":"http:\/\/jpentreprise.com\/#\/schema\/logo\/image\/"}}]}},"_links":{"self":[{"href":"https:\/\/jpentreprise.com\/index.php\/wp-json\/wp\/v2\/pages\/21","targetHints":{"allow":["GET"]}}],"collection":[{"href":"https:\/\/jpentreprise.com\/index.php\/wp-json\/wp\/v2\/pages"}],"about":[{"href":"https:\/\/jpentreprise.com\/index.php\/wp-json\/wp\/v2\/types\/page"}],"author":[{"embeddable":true,"href":"https:\/\/jpentreprise.com\/index.php\/wp-json\/wp\/v2\/users\/2"}],"replies":[{"embeddable":true,"href":"https:\/\/jpentreprise.com\/index.php\/wp-json\/wp\/v2\/comments?post=21"}],"version-history":[{"count":31,"href":"https:\/\/jpentreprise.com\/index.php\/wp-json\/wp\/v2\/pages\/21\/revisions"}],"predecessor-version":[{"id":673,"href":"https:\/\/jpentreprise.com\/index.php\/wp-json\/wp\/v2\/pages\/21\/revisions\/673"}],"wp:attachment":[{"href":"https:\/\/jpentreprise.com\/index.php\/wp-json\/wp\/v2\/media?parent=21"}],"curies":[{"name":"wp","href":"https:\/\/api.w.org\/{rel}","templated":true}]}}