{"id":19,"date":"2024-04-12T16:49:16","date_gmt":"2024-04-12T14:49:16","guid":{"rendered":"https:\/\/jpentreprise.com\/?page_id=19"},"modified":"2025-01-19T22:15:37","modified_gmt":"2025-01-19T21:15:37","slug":"chauffage","status":"publish","type":"page","link":"https:\/\/jpentreprise.com\/index.php\/chauffage\/","title":{"rendered":"Chauffage"},"content":{"rendered":"\t\t<div data-elementor-type=\"wp-page\" data-elementor-id=\"19\" class=\"elementor elementor-19\">\n\t\t\t\t<div class=\"elementor-element elementor-element-ce8ff95 e-con-full e-flex e-con e-child\" data-id=\"ce8ff95\" data-element_type=\"container\" data-e-type=\"container\" data-settings=\"{&quot;background_background&quot;:&quot;classic&quot;}\">\n\t\t\t\t<div class=\"elementor-element elementor-element-f00ce50 elementor-widget elementor-widget-heading\" data-id=\"f00ce50\" data-element_type=\"widget\" data-e-type=\"widget\" data-widget_type=\"heading.default\">\n\t\t\t\t<div class=\"elementor-widget-container\">\n\t\t\t\t\t<h2 class=\"elementor-heading-title elementor-size-default\">Chauffage<\/h2>\t\t\t\t<\/div>\n\t\t\t\t<\/div>\n\t\t\t\t<\/div>\n\t\t<div class=\"elementor-element elementor-element-5b6433f e-flex e-con-boxed e-con e-parent\" data-id=\"5b6433f\" data-element_type=\"container\" data-e-type=\"container\">\n\t\t\t\t\t<div class=\"e-con-inner\">\n\t\t\t\t<div class=\"elementor-element elementor-element-50cfa17 elementor-widget-divider--view-line_text elementor-widget-divider--element-align-left elementor-widget elementor-widget-divider\" data-id=\"50cfa17\" data-element_type=\"widget\" data-e-type=\"widget\" data-widget_type=\"divider.default\">\n\t\t\t\t<div class=\"elementor-widget-container\">\n\t\t\t\t\t\t\t<div class=\"elementor-divider\">\n\t\t\t<span class=\"elementor-divider-separator\">\n\t\t\t\t\t\t\t<h2 class=\"elementor-divider__text elementor-divider__element\">\n\t\t\t\tNOS SERVICES chauffage\t\t\t\t<\/h2>\n\t\t\t\t\t\t<\/span>\n\t\t<\/div>\n\t\t\t\t\t\t<\/div>\n\t\t\t\t<\/div>\n\t\t\t\t\t<\/div>\n\t\t\t\t<\/div>\n\t\t<div class=\"elementor-element elementor-element-b21d3fe e-flex e-con-boxed e-con e-parent\" data-id=\"b21d3fe\" data-element_type=\"container\" data-e-type=\"container\">\n\t\t\t\t\t<div class=\"e-con-inner\">\n\t\t<div class=\"elementor-element elementor-element-0cd9ada e-con-full e-flex e-con e-child\" data-id=\"0cd9ada\" data-element_type=\"container\" data-e-type=\"container\" data-settings=\"{&quot;background_background&quot;:&quot;classic&quot;}\">\n\t\t\t\t<\/div>\n\t\t<div class=\"elementor-element elementor-element-2e8f752 e-con-full e-flex e-con e-child\" data-id=\"2e8f752\" data-element_type=\"container\" data-e-type=\"container\">\n\t\t\t\t<div class=\"elementor-element elementor-element-cff15f0 elementor-widget elementor-widget-text-editor\" data-id=\"cff15f0\" data-element_type=\"widget\" data-e-type=\"widget\" data-widget_type=\"text-editor.default\">\n\t\t\t\t<div class=\"elementor-widget-container\">\n\t\t\t\t\t\t\t\t\t<ul><li>Pose de chauffage d&#8217;appoint, et de radiateur connect\u00e9s<\/li><li>D\u00e9placement de radiateur<\/li><li>Pose de s\u00e8che serviette<\/li><li>Pose de thermostats de chaudi\u00e8re et de thermostat de radiateur<\/li><li>Entretien et Maintenance des radiateurs<\/li><li>Pose de chauffage \u00e9lectrique intelligent pour optimiser le confort et contr\u00f4ler la consommation<\/li><\/ul>\t\t\t\t\t\t\t\t<\/div>\n\t\t\t\t<\/div>\n\t\t\t\t<\/div>\n\t\t<div class=\"elementor-element elementor-element-77273aa e-con-full e-flex e-con e-child\" data-id=\"77273aa\" data-element_type=\"container\" data-e-type=\"container\" data-settings=\"{&quot;background_background&quot;:&quot;classic&quot;}\">\n\t\t\t\t<\/div>\n\t\t\t\t\t<\/div>\n\t\t\t\t<\/div>\n\t\t<div class=\"elementor-element elementor-element-3126bce e-flex e-con-boxed e-con e-parent\" data-id=\"3126bce\" data-element_type=\"container\" data-e-type=\"container\" data-settings=\"{&quot;background_background&quot;:&quot;classic&quot;}\">\n\t\t\t\t\t<div class=\"e-con-inner\">\n\t\t\t\t<div class=\"elementor-element elementor-element-8850401 elementor-widget elementor-widget-heading\" data-id=\"8850401\" data-element_type=\"widget\" data-e-type=\"widget\" data-widget_type=\"heading.default\">\n\t\t\t\t<div class=\"elementor-widget-container\">\n\t\t\t\t\t<h2 class=\"elementor-heading-title elementor-size-default\">Votre bien-\u00eatre domestique<\/h2>\t\t\t\t<\/div>\n\t\t\t\t<\/div>\n\t\t\t\t\t<\/div>\n\t\t\t\t<\/div>\n\t\t<div class=\"elementor-element elementor-element-51aeec3 e-con-full e-flex e-con e-parent\" data-id=\"51aeec3\" data-element_type=\"container\" data-e-type=\"container\" data-settings=\"{&quot;background_background&quot;:&quot;classic&quot;}\">\n\t\t<div class=\"elementor-element elementor-element-919b015 e-flex e-con-boxed e-con e-child\" data-id=\"919b015\" data-element_type=\"container\" data-e-type=\"container\">\n\t\t\t\t\t<div class=\"e-con-inner\">\n\t\t\t\t<div class=\"elementor-element elementor-element-236d793 elementor-widget elementor-widget-text-editor\" data-id=\"236d793\" data-element_type=\"widget\" data-e-type=\"widget\" data-widget_type=\"text-editor.default\">\n\t\t\t\t<div class=\"elementor-widget-container\">\n\t\t\t\t\t\t\t\t\t<p>Diagnostique du taux d&#8217;humidit\u00e9 de l&#8217;air ambiant des habitations, ou des locaux\u00a0<\/p><p>Mesure avec hygrom\u00e8tre, conseil sur le choix des appareils \u00e0 installer.<\/p>\t\t\t\t\t\t\t\t<\/div>\n\t\t\t\t<\/div>\n\t\t\t\t\t<\/div>\n\t\t\t\t<\/div>\n\t\t\t\t<\/div>\n\t\t\t\t<\/div>\n\t\t","protected":false},"excerpt":{"rendered":"<p>Chauffage NOS SERVICES chauffage Pose de chauffage d&#8217;appoint, et de radiateur connect\u00e9s D\u00e9placement de radiateur Pose de s\u00e8che serviette Pose [&hellip;]<\/p>\n","protected":false},"author":2,"featured_media":0,"parent":0,"menu_order":0,"comment_status":"closed","ping_status":"closed","template":"","meta":{"site-sidebar-layout":"no-sidebar","site-content-layout":"","ast-site-content-layout":"full-width-container","site-content-style":"default","site-sidebar-style":"default","ast-global-header-display":"","ast-banner-title-visibility":"","ast-main-header-display":"","ast-hfb-above-header-display":"","ast-hfb-below-header-display":"","ast-hfb-mobile-header-display":"","site-post-title":"disabled","ast-breadcrumbs-content":"","ast-featured-img":"disabled","footer-sml-layout":"","ast-disable-related-posts":"","theme-transparent-header-meta":"","adv-header-id-meta":"","stick-header-meta":"","header-above-stick-meta":"","header-main-stick-meta":"","header-below-stick-meta":"","astra-migrate-meta-layouts":"default","ast-page-background-enabled":"default","ast-page-background-meta":{"desktop":{"background-color":"var(--ast-global-color-4)","background-image":"","background-repeat":"repeat","background-position":"center center","background-size":"auto","background-attachment":"scroll","background-type":"","background-media":"","overlay-type":"","overlay-color":"","overlay-opacity":"","overlay-gradient":""},"tablet":{"background-color":"","background-image":"","background-repeat":"repeat","background-position":"center center","background-size":"auto","background-attachment":"scroll","background-type":"","background-media":"","overlay-type":"","overlay-color":"","overlay-opacity":"","overlay-gradient":""},"mobile":{"background-color":"","background-image":"","background-repeat":"repeat","background-position":"center center","background-size":"auto","background-attachment":"scroll","background-type":"","background-media":"","overlay-type":"","overlay-color":"","overlay-opacity":"","overlay-gradient":""}},"ast-content-background-meta":{"desktop":{"background-color":"var(--ast-global-color-5)","background-image":"","background-repeat":"repeat","background-position":"center center","background-size":"auto","background-attachment":"scroll","background-type":"","background-media":"","overlay-type":"","overlay-color":"","overlay-opacity":"","overlay-gradient":""},"tablet":{"background-color":"var(--ast-global-color-5)","background-image":"","background-repeat":"repeat","background-position":"center center","background-size":"auto","background-attachment":"scroll","background-type":"","background-media":"","overlay-type":"","overlay-color":"","overlay-opacity":"","overlay-gradient":""},"mobile":{"background-color":"var(--ast-global-color-5)","background-image":"","background-repeat":"repeat","background-position":"center center","background-size":"auto","background-attachment":"scroll","background-type":"","background-media":"","overlay-type":"","overlay-color":"","overlay-opacity":"","overlay-gradient":""}},"footnotes":""},"class_list":["post-19","page","type-page","status-publish","hentry"],"yoast_head":"<!-- This site is optimized with the Yoast SEO plugin v27.4 - https:\/\/yoast.com\/product\/yoast-seo-wordpress\/ -->\n<title>Chauffage - JP Entreprise | Installation r\u00e9paration chauffage Charente | P. Joyeux<\/title>\n<meta name=\"description\" content=\"D\u00e9pannage chauffage Charente : Pose de chauffage d\u2019appoint, et de radiateur connect\u00e9s, D\u00e9placement de radiateur, Pose de s\u00e8che serviette etc.\" \/>\n<meta name=\"robots\" content=\"index, follow, max-snippet:-1, max-image-preview:large, max-video-preview:-1\" \/>\n<link rel=\"canonical\" href=\"http:\/\/jpentreprise.com\/index.php\/chauffage\/\" \/>\n<meta property=\"og:locale\" content=\"en_US\" \/>\n<meta property=\"og:type\" content=\"article\" \/>\n<meta property=\"og:title\" content=\"Chauffage - JP Entreprise | Installation r\u00e9paration chauffage Charente | P. Joyeux\" \/>\n<meta property=\"og:description\" content=\"D\u00e9pannage chauffage Charente : Pose de chauffage d\u2019appoint, et de radiateur connect\u00e9s, D\u00e9placement de radiateur, Pose de s\u00e8che serviette etc.\" \/>\n<meta property=\"og:url\" content=\"http:\/\/jpentreprise.com\/index.php\/chauffage\/\" \/>\n<meta property=\"og:site_name\" content=\"JP Entreprise\" \/>\n<meta property=\"article:modified_time\" content=\"2025-01-19T21:15:37+00:00\" \/>\n<meta name=\"twitter:card\" content=\"summary_large_image\" \/>\n<meta name=\"twitter:label1\" content=\"Est. reading time\" \/>\n\t<meta name=\"twitter:data1\" content=\"1 minute\" \/>\n<script type=\"application\/ld+json\" class=\"yoast-schema-graph\">{\"@context\":\"https:\\\/\\\/schema.org\",\"@graph\":[{\"@type\":\"WebPage\",\"@id\":\"http:\\\/\\\/jpentreprise.com\\\/index.php\\\/chauffage\\\/\",\"url\":\"http:\\\/\\\/jpentreprise.com\\\/index.php\\\/chauffage\\\/\",\"name\":\"Chauffage - JP Entreprise | Installation r\u00e9paration chauffage Charente | P. Joyeux\",\"isPartOf\":{\"@id\":\"http:\\\/\\\/jpentreprise.com\\\/#website\"},\"datePublished\":\"2024-04-12T14:49:16+00:00\",\"dateModified\":\"2025-01-19T21:15:37+00:00\",\"description\":\"D\u00e9pannage chauffage Charente : Pose de chauffage d\u2019appoint, et de radiateur connect\u00e9s, D\u00e9placement de radiateur, Pose de s\u00e8che serviette etc.\",\"breadcrumb\":{\"@id\":\"http:\\\/\\\/jpentreprise.com\\\/index.php\\\/chauffage\\\/#breadcrumb\"},\"inLanguage\":\"en-US\",\"potentialAction\":[{\"@type\":\"ReadAction\",\"target\":[\"http:\\\/\\\/jpentreprise.com\\\/index.php\\\/chauffage\\\/\"]}]},{\"@type\":\"BreadcrumbList\",\"@id\":\"http:\\\/\\\/jpentreprise.com\\\/index.php\\\/chauffage\\\/#breadcrumb\",\"itemListElement\":[{\"@type\":\"ListItem\",\"position\":1,\"name\":\"Accueil\",\"item\":\"http:\\\/\\\/jpentreprise.com\\\/\"},{\"@type\":\"ListItem\",\"position\":2,\"name\":\"Chauffage\"}]},{\"@type\":\"WebSite\",\"@id\":\"http:\\\/\\\/jpentreprise.com\\\/#website\",\"url\":\"http:\\\/\\\/jpentreprise.com\\\/\",\"name\":\"JP Entreprise\",\"description\":\"Plomberie Sanitaire - Chauffage - Electricit\u00e9\",\"publisher\":{\"@id\":\"http:\\\/\\\/jpentreprise.com\\\/#organization\"},\"potentialAction\":[{\"@type\":\"SearchAction\",\"target\":{\"@type\":\"EntryPoint\",\"urlTemplate\":\"http:\\\/\\\/jpentreprise.com\\\/?s={search_term_string}\"},\"query-input\":{\"@type\":\"PropertyValueSpecification\",\"valueRequired\":true,\"valueName\":\"search_term_string\"}}],\"inLanguage\":\"en-US\"},{\"@type\":\"Organization\",\"@id\":\"http:\\\/\\\/jpentreprise.com\\\/#organization\",\"name\":\"JP Entreprise\",\"url\":\"http:\\\/\\\/jpentreprise.com\\\/\",\"logo\":{\"@type\":\"ImageObject\",\"inLanguage\":\"en-US\",\"@id\":\"http:\\\/\\\/jpentreprise.com\\\/#\\\/schema\\\/logo\\\/image\\\/\",\"url\":\"https:\\\/\\\/jpentreprise.com\\\/wp-content\\\/uploads\\\/2025\\\/04\\\/cropped-LOGO-JP-ENTREPRISE-BLANC.webp\",\"contentUrl\":\"https:\\\/\\\/jpentreprise.com\\\/wp-content\\\/uploads\\\/2025\\\/04\\\/cropped-LOGO-JP-ENTREPRISE-BLANC.webp\",\"width\":1999,\"height\":666,\"caption\":\"JP Entreprise\"},\"image\":{\"@id\":\"http:\\\/\\\/jpentreprise.com\\\/#\\\/schema\\\/logo\\\/image\\\/\"}}]}<\/script>\n<!-- \/ Yoast SEO plugin. -->","yoast_head_json":{"title":"Chauffage - JP Entreprise | Installation r\u00e9paration chauffage Charente | P. Joyeux","description":"D\u00e9pannage chauffage Charente : Pose de chauffage d\u2019appoint, et de radiateur connect\u00e9s, D\u00e9placement de radiateur, Pose de s\u00e8che serviette etc.","robots":{"index":"index","follow":"follow","max-snippet":"max-snippet:-1","max-image-preview":"max-image-preview:large","max-video-preview":"max-video-preview:-1"},"canonical":"http:\/\/jpentreprise.com\/index.php\/chauffage\/","og_locale":"en_US","og_type":"article","og_title":"Chauffage - JP Entreprise | Installation r\u00e9paration chauffage Charente | P. Joyeux","og_description":"D\u00e9pannage chauffage Charente : Pose de chauffage d\u2019appoint, et de radiateur connect\u00e9s, D\u00e9placement de radiateur, Pose de s\u00e8che serviette etc.","og_url":"http:\/\/jpentreprise.com\/index.php\/chauffage\/","og_site_name":"JP Entreprise","article_modified_time":"2025-01-19T21:15:37+00:00","twitter_card":"summary_large_image","twitter_misc":{"Est. reading time":"1 minute"},"schema":{"@context":"https:\/\/schema.org","@graph":[{"@type":"WebPage","@id":"http:\/\/jpentreprise.com\/index.php\/chauffage\/","url":"http:\/\/jpentreprise.com\/index.php\/chauffage\/","name":"Chauffage - JP Entreprise | Installation r\u00e9paration chauffage Charente | P. Joyeux","isPartOf":{"@id":"http:\/\/jpentreprise.com\/#website"},"datePublished":"2024-04-12T14:49:16+00:00","dateModified":"2025-01-19T21:15:37+00:00","description":"D\u00e9pannage chauffage Charente : Pose de chauffage d\u2019appoint, et de radiateur connect\u00e9s, D\u00e9placement de radiateur, Pose de s\u00e8che serviette etc.","breadcrumb":{"@id":"http:\/\/jpentreprise.com\/index.php\/chauffage\/#breadcrumb"},"inLanguage":"en-US","potentialAction":[{"@type":"ReadAction","target":["http:\/\/jpentreprise.com\/index.php\/chauffage\/"]}]},{"@type":"BreadcrumbList","@id":"http:\/\/jpentreprise.com\/index.php\/chauffage\/#breadcrumb","itemListElement":[{"@type":"ListItem","position":1,"name":"Accueil","item":"http:\/\/jpentreprise.com\/"},{"@type":"ListItem","position":2,"name":"Chauffage"}]},{"@type":"WebSite","@id":"http:\/\/jpentreprise.com\/#website","url":"http:\/\/jpentreprise.com\/","name":"JP Entreprise","description":"Plomberie Sanitaire - Chauffage - Electricit\u00e9","publisher":{"@id":"http:\/\/jpentreprise.com\/#organization"},"potentialAction":[{"@type":"SearchAction","target":{"@type":"EntryPoint","urlTemplate":"http:\/\/jpentreprise.com\/?s={search_term_string}"},"query-input":{"@type":"PropertyValueSpecification","valueRequired":true,"valueName":"search_term_string"}}],"inLanguage":"en-US"},{"@type":"Organization","@id":"http:\/\/jpentreprise.com\/#organization","name":"JP Entreprise","url":"http:\/\/jpentreprise.com\/","logo":{"@type":"ImageObject","inLanguage":"en-US","@id":"http:\/\/jpentreprise.com\/#\/schema\/logo\/image\/","url":"https:\/\/jpentreprise.com\/wp-content\/uploads\/2025\/04\/cropped-LOGO-JP-ENTREPRISE-BLANC.webp","contentUrl":"https:\/\/jpentreprise.com\/wp-content\/uploads\/2025\/04\/cropped-LOGO-JP-ENTREPRISE-BLANC.webp","width":1999,"height":666,"caption":"JP Entreprise"},"image":{"@id":"http:\/\/jpentreprise.com\/#\/schema\/logo\/image\/"}}]}},"_links":{"self":[{"href":"https:\/\/jpentreprise.com\/index.php\/wp-json\/wp\/v2\/pages\/19","targetHints":{"allow":["GET"]}}],"collection":[{"href":"https:\/\/jpentreprise.com\/index.php\/wp-json\/wp\/v2\/pages"}],"about":[{"href":"https:\/\/jpentreprise.com\/index.php\/wp-json\/wp\/v2\/types\/page"}],"author":[{"embeddable":true,"href":"https:\/\/jpentreprise.com\/index.php\/wp-json\/wp\/v2\/users\/2"}],"replies":[{"embeddable":true,"href":"https:\/\/jpentreprise.com\/index.php\/wp-json\/wp\/v2\/comments?post=19"}],"version-history":[{"count":31,"href":"https:\/\/jpentreprise.com\/index.php\/wp-json\/wp\/v2\/pages\/19\/revisions"}],"predecessor-version":[{"id":345,"href":"https:\/\/jpentreprise.com\/index.php\/wp-json\/wp\/v2\/pages\/19\/revisions\/345"}],"wp:attachment":[{"href":"https:\/\/jpentreprise.com\/index.php\/wp-json\/wp\/v2\/media?parent=19"}],"curies":[{"name":"wp","href":"https:\/\/api.w.org\/{rel}","templated":true}]}}